{"id":31,"date":"2024-08-15T16:16:22","date_gmt":"2024-08-15T14:16:22","guid":{"rendered":"https:\/\/betesalee.com\/?page_id=31"},"modified":"2024-08-16T14:39:38","modified_gmt":"2024-08-16T12:39:38","slug":"band","status":"publish","type":"page","link":"https:\/\/betesalee.com\/?page_id=31","title":{"rendered":"Band"},"content":{"rendered":"\n<figure class=\"wp-block-image size-large\"><img loading=\"lazy\" decoding=\"async\" width=\"1024\" height=\"510\" src=\"https:\/\/betesalee.com\/wp-content\/uploads\/2024\/08\/AA_FINAL5-1024x510.jpg\" alt=\"\" class=\"wp-image-87\" srcset=\"https:\/\/betesalee.com\/wp-content\/uploads\/2024\/08\/AA_FINAL5-1024x510.jpg 1024w, https:\/\/betesalee.com\/wp-content\/uploads\/2024\/08\/AA_FINAL5-300x149.jpg 300w, https:\/\/betesalee.com\/wp-content\/uploads\/2024\/08\/AA_FINAL5-768x383.jpg 768w, https:\/\/betesalee.com\/wp-content\/uploads\/2024\/08\/AA_FINAL5-1536x765.jpg 1536w, https:\/\/betesalee.com\/wp-content\/uploads\/2024\/08\/AA_FINAL5-2048x1020.jpg 2048w\" sizes=\"auto, (max-width: 1024px) 100vw, 1024px\" \/><\/figure>\n\n\n\n<p class=\"has-text-align-center\">G\u00e9rald Wang &#8211; synth\u00e9 basse<br>Antoine Pittet &#8211; trompette, synth\u00e9tiseur<br>Lucien Mullener &#8211; batterie<br>Daniel Hernandez &#8211; synth\u00e9tiseurs<\/p>\n\n\n\n<p>B\u00eate Sal\u00e9e \u00e7a sonne comme bezahle, \u00ab&nbsp;paie&nbsp;\u00bb en Allemand. \u00c7a repr\u00e9sente \u00e9galement un animal qui a subi une salaison, ce qui ne veut rien dire mais c\u2019est joli.<\/p>\n\n\n\n<p class=\"has-text-align-left\">Plus pr\u00e9cis\u00e9ment, B\u00eate Sal\u00e9e c\u2019est un groupe de musique \u00e9lectronique instrumentale. Agr\u00e9ment\u00e9e d\u2019effets sonores et de field recordings maison, leur musique propulse son groove dans un univers cosmique. Dansant, original et d\u00e9jant\u00e9!&nbsp;<\/p>\n\n\n\n<p class=\"has-text-align-left\">Bref,&nbsp;<\/p>\n\n\n\n<p class=\"has-text-align-left\">B\u00eate Sal\u00e9e c\u2019est une B\u00eate qui a bien su\u00e9.&nbsp;<\/p>\n\n\n\n<p><\/p>\n","protected":false},"excerpt":{"rendered":"<p>G\u00e9rald Wang &#8211; synth\u00e9 basseAntoine Pittet &#8211; trompette, synth\u00e9tiseurLucien Mullener &#8211; batterieDaniel Hernandez &#8211; synth\u00e9tiseurs B\u00eate Sal\u00e9e \u00e7a sonne comme bezahle, \u00ab&nbsp;paie&nbsp;\u00bb en Allemand. \u00c7a repr\u00e9sente \u00e9galement un animal qui a subi une salaison, ce qui ne veut rien dire mais c\u2019est joli. Plus pr\u00e9cis\u00e9ment, B\u00eate Sal\u00e9e c\u2019est un groupe de musique \u00e9lectronique instrumentale. Agr\u00e9ment\u00e9e [&hellip;]<\/p>\n","protected":false},"author":1,"featured_media":0,"parent":0,"menu_order":1,"comment_status":"closed","ping_status":"closed","template":"","meta":{"footnotes":""},"class_list":["post-31","page","type-page","status-publish","hentry"],"_links":{"self":[{"href":"https:\/\/betesalee.com\/index.php?rest_route=\/wp\/v2\/pages\/31","targetHints":{"allow":["GET"]}}],"collection":[{"href":"https:\/\/betesalee.com\/index.php?rest_route=\/wp\/v2\/pages"}],"about":[{"href":"https:\/\/betesalee.com\/index.php?rest_route=\/wp\/v2\/types\/page"}],"author":[{"embeddable":true,"href":"https:\/\/betesalee.com\/index.php?rest_route=\/wp\/v2\/users\/1"}],"replies":[{"embeddable":true,"href":"https:\/\/betesalee.com\/index.php?rest_route=%2Fwp%2Fv2%2Fcomments&post=31"}],"version-history":[{"count":4,"href":"https:\/\/betesalee.com\/index.php?rest_route=\/wp\/v2\/pages\/31\/revisions"}],"predecessor-version":[{"id":89,"href":"https:\/\/betesalee.com\/index.php?rest_route=\/wp\/v2\/pages\/31\/revisions\/89"}],"wp:attachment":[{"href":"https:\/\/betesalee.com\/index.php?rest_route=%2Fwp%2Fv2%2Fmedia&parent=31"}],"curies":[{"name":"wp","href":"https:\/\/api.w.org\/{rel}","templated":true}]}}